{"id":9028,"date":"2022-07-28T11:52:56","date_gmt":"2022-07-28T09:52:56","guid":{"rendered":"https:\/\/www.airbus-flight-academy.com\/politique-cookies\/"},"modified":"2025-11-13T10:25:23","modified_gmt":"2025-11-13T09:25:23","slug":"politique-cookies","status":"publish","type":"page","link":"https:\/\/www.airbus-flight-academy.com\/fr\/politique-cookies\/","title":{"rendered":"Politique Cookies"},"content":{"rendered":"[vc_row type=\u00a0\u00bbin_container\u00a0\u00bb full_screen_row_position=\u00a0\u00bbmiddle\u00a0\u00bb column_margin=\u00a0\u00bbdefault\u00a0\u00bb column_direction=\u00a0\u00bbdefault\u00a0\u00bb column_direction_tablet=\u00a0\u00bbdefault\u00a0\u00bb column_direction_phone=\u00a0\u00bbdefault\u00a0\u00bb scene_position=\u00a0\u00bbcenter\u00a0\u00bb text_color=\u00a0\u00bbdark\u00a0\u00bb text_align=\u00a0\u00bbleft\u00a0\u00bb row_border_radius=\u00a0\u00bbnone\u00a0\u00bb row_border_radius_applies=\u00a0\u00bbbg\u00a0\u00bb overflow=\u00a0\u00bbvisible\u00a0\u00bb overlay_strength=\u00a0\u00bb0.3&Prime; gradient_direction=\u00a0\u00bbleft_to_right\u00a0\u00bb shape_divider_position=\u00a0\u00bbbottom\u00a0\u00bb bg_image_animation=\u00a0\u00bbnone\u00a0\u00bb][vc_column column_padding=\u00a0\u00bbno-extra-padding\u00a0\u00bb column_padding_tablet=\u00a0\u00bbinherit\u00a0\u00bb column_padding_phone=\u00a0\u00bbinherit\u00a0\u00bb column_padding_position=\u00a0\u00bball\u00a0\u00bb column_element_direction_desktop=\u00a0\u00bbdefault\u00a0\u00bb column_element_spacing=\u00a0\u00bbdefault\u00a0\u00bb desktop_text_alignment=\u00a0\u00bbdefault\u00a0\u00bb tablet_text_alignment=\u00a0\u00bbdefault\u00a0\u00bb phone_text_alignment=\u00a0\u00bbdefault\u00a0\u00bb background_color_opacity=\u00a0\u00bb1&Prime; background_hover_color_opacity=\u00a0\u00bb1&Prime; column_backdrop_filter=\u00a0\u00bbnone\u00a0\u00bb column_shadow=\u00a0\u00bbnone\u00a0\u00bb column_border_radius=\u00a0\u00bbnone\u00a0\u00bb column_link_target=\u00a0\u00bb_self\u00a0\u00bb column_position=\u00a0\u00bbdefault\u00a0\u00bb gradient_direction=\u00a0\u00bbleft_to_right\u00a0\u00bb overlay_strength=\u00a0\u00bb0.3&Prime; width=\u00a0\u00bb1\/1&Prime; tablet_width_inherit=\u00a0\u00bbdefault\u00a0\u00bb animation_type=\u00a0\u00bbdefault\u00a0\u00bb bg_image_animation=\u00a0\u00bbnone\u00a0\u00bb border_type=\u00a0\u00bbsimple\u00a0\u00bb column_border_width=\u00a0\u00bbnone\u00a0\u00bb column_border_style=\u00a0\u00bbsolid\u00a0\u00bb][vc_custom_heading text=\u00a0\u00bbPolitique Cookies\u00a0\u00bb font_container=\u00a0\u00bbtag:h1|text_align:left\u00a0\u00bb][\/vc_column][\/vc_row][vc_row type=\u00a0\u00bbin_container\u00a0\u00bb full_screen_row_position=\u00a0\u00bbmiddle\u00a0\u00bb column_margin=\u00a0\u00bbdefault\u00a0\u00bb column_direction=\u00a0\u00bbdefault\u00a0\u00bb column_direction_tablet=\u00a0\u00bbdefault\u00a0\u00bb column_direction_phone=\u00a0\u00bbdefault\u00a0\u00bb scene_position=\u00a0\u00bbcenter\u00a0\u00bb text_color=\u00a0\u00bbdark\u00a0\u00bb text_align=\u00a0\u00bbleft\u00a0\u00bb row_border_radius=\u00a0\u00bbnone\u00a0\u00bb row_border_radius_applies=\u00a0\u00bbbg\u00a0\u00bb overflow=\u00a0\u00bbvisible\u00a0\u00bb overlay_strength=\u00a0\u00bb0.3&Prime; gradient_direction=\u00a0\u00bbleft_to_right\u00a0\u00bb shape_divider_position=\u00a0\u00bbbottom\u00a0\u00bb bg_image_animation=\u00a0\u00bbnone\u00a0\u00bb][vc_column column_padding=\u00a0\u00bbno-extra-padding\u00a0\u00bb column_padding_tablet=\u00a0\u00bbinherit\u00a0\u00bb column_padding_phone=\u00a0\u00bbinherit\u00a0\u00bb column_padding_position=\u00a0\u00bball\u00a0\u00bb column_element_direction_desktop=\u00a0\u00bbdefault\u00a0\u00bb column_element_spacing=\u00a0\u00bbdefault\u00a0\u00bb desktop_text_alignment=\u00a0\u00bbdefault\u00a0\u00bb tablet_text_alignment=\u00a0\u00bbdefault\u00a0\u00bb phone_text_alignment=\u00a0\u00bbdefault\u00a0\u00bb background_color_opacity=\u00a0\u00bb1&Prime; background_hover_color_opacity=\u00a0\u00bb1&Prime; column_backdrop_filter=\u00a0\u00bbnone\u00a0\u00bb column_shadow=\u00a0\u00bbnone\u00a0\u00bb column_border_radius=\u00a0\u00bbnone\u00a0\u00bb column_link_target=\u00a0\u00bb_self\u00a0\u00bb column_position=\u00a0\u00bbdefault\u00a0\u00bb gradient_direction=\u00a0\u00bbleft_to_right\u00a0\u00bb overlay_strength=\u00a0\u00bb0.3&Prime; width=\u00a0\u00bb1\/1&Prime; tablet_width_inherit=\u00a0\u00bbdefault\u00a0\u00bb animation_type=\u00a0\u00bbdefault\u00a0\u00bb bg_image_animation=\u00a0\u00bbnone\u00a0\u00bb border_type=\u00a0\u00bbsimple\u00a0\u00bb column_border_width=\u00a0\u00bbnone\u00a0\u00bb column_border_style=\u00a0\u00bbsolid\u00a0\u00bb][vc_column_text]\n<h2>QUE SONT LES COOKIES ?<\/h2>\n<p>Les cookies sont de petits fichiers ou quantit\u00e9s d&rsquo;informations qui peuvent \u00eatre stock\u00e9s sur votre appareil, o\u00f9 ils restent accessibles et sur lesquels ils peuvent \u00eatre supprim\u00e9s, lorsque vous acc\u00e9dez au site internet. Par exemple, un \u00ab cookie \u00bb peut se rapporter \u00e0 un \u00ab cookie http \u00bb, un \u00ab cookie flash \u00bb (utilis\u00e9 par certains sites Web ou applications bas\u00e9s sur la technologie Flash), un espace de stockage local de votre navigateur Internet, un identifiant unique calcul\u00e9 sur la base des caract\u00e9ristiques de votre navigateur Internet (\u00e9galement appel\u00e9 \u00ab prise d&#8217;empreinte d&rsquo;un navigateur \u00bb) ou des identifiants uniques li\u00e9s \u00e0 votre appareil ou votre navigateur Internet (num\u00e9ro de s\u00e9rie de l&rsquo;appareil, adresse MAC, ID Android, ID publicitaire, etc.). Les cookies nous permettent de reconna\u00eetre votre appareil et de stocker des informations sur vos pr\u00e9f\u00e9rences ou vos actions pass\u00e9es. Nous pouvons utiliser des cookies :<\/p>\n<p>\uf0b7 pour enregistrer les pr\u00e9f\u00e9rences de nos utilisateurs,<\/p>\n<p>\uf0b7 pour nous permettre d&rsquo;optimiser la conception du site,<\/p>\n<p>\uf0b7 pour faciliter la navigation et am\u00e9liorer la convivialit\u00e9 du site,<\/p>\n<p>\uf0b7 pour analyser l&rsquo;utilisation du site et\/ou pour identifier les sections les plus populaires,<\/p>\n<p>\uf0b7 pour proposer du contenu plus pr\u00e9cis\u00e9ment adapt\u00e9 \u00e0 vos besoins et, de ce fait, am\u00e9liorer le site. Les cookies peuvent \u00eatre utilis\u00e9s pour d\u00e9terminer s\u2019il y a d\u00e9j\u00e0 eu un contact entre nous et votre appareil dans le pass\u00e9,<\/p>\n<h2>QUELS SONT LES COOKIES QUE NOUS UTILISONS ?<\/h2>\n<p>Les cookies contiennent des donn\u00e9es personnelles. Le tableau ci-dessous r\u00e9capitule les types de cookies et leur finalit\u00e9, ainsi que les donn\u00e9es personnelles trait\u00e9es et susceptibles d&rsquo;\u00eatre utilis\u00e9es sur le site :<\/p>\n<p><script id=\"CookieDeclaration\" src=\"https:\/\/consent.cookiebot.com\/3c4a8a97-ecd1-46c5-ac9c-8071a4f929f7\/cd.js\" type=\"text\/javascript\" async><\/script><\/p>\n<h2>AUTORISATION<\/h2>\n<p>We use technical and organizational security measures in order to protect the data we have under our control against accidental or intentional manipulation, loss, destruction and against access by unauthorized persons. Our security procedures are continually enhanced as new technology becomes available.<\/p>\n<h2>COMMENT DESACTIVER OU SUPPRIMER LES COOKIES ?<\/h2>\n<p>Si vous choisissez de ne pas accepter les cookies, vous pouvez toujours acc\u00e9der \u00e0 notre site Web et l&rsquo;utiliser. La plupart des navigateurs acceptent automatiquement les cookies. Vous pouvez emp\u00eacher l&rsquo;enregistrement des cookies sur votre appareil en configurant votre navigateur pour qu&rsquo;il n&rsquo;accepte pas les cookies. Vous trouverez les instructions exactes \u00e0 ce sujet dans le manuel de votre navigateur. Vous pouvez supprimer les cookies d\u00e9j\u00e0 pr\u00e9sents sur votre appareil \u00e0 tout moment. Toutefois, si vous choisissez de ne pas accepter les cookies qui sont strictement n\u00e9cessaires \u00e0 la prestation de nos services fournis par notre site Web, cela peut entra\u00eener une disponibilit\u00e9 r\u00e9duite de ces services. \u00c0 des fins d&rsquo;analyse statistique, nous utilisons un outil d&rsquo;analyse tel que Matomo. Vous pouvez vous opposer \u00e0 tout moment \u00e0 la collecte et \u00e0 l&rsquo;analyse des donn\u00e9es statistiques concernant votre acc\u00e8s et votre utilisation de notre site web en nous contactant \u00e0 l&rsquo;aide de la rubrique \u00a0\u00bb contactez-nous \u00a0\u00bb de notre site web. Pour en savoir plus sur les cookies, y compris comment voir quels cookies ont \u00e9t\u00e9 install\u00e9s et comment les g\u00e9rer et les supprimer, visitez www.aboutcookies.org ou <a href=\"https:\/\/www.allaboutcookie.org\/\">www.allaboutcookie.org<\/a><\/p>\n<h2>S\u00c9CURIT\u00c9<\/h2>\n<p>Nous utilisons des mesures de s\u00e9curit\u00e9 techniques et organisationnelles afin de prot\u00e9ger les donn\u00e9es que nous avons sous notre contr\u00f4le contre toute manipulation accidentelle ou intentionnelle, perte, destruction et contre l&rsquo;acc\u00e8s par des personnes non autoris\u00e9es. Nos proc\u00e9dures de s\u00e9curit\u00e9 sont continuellement am\u00e9lior\u00e9es \u00e0 mesure que de nouvelles technologies deviennent disponibles.<\/p>\n<h2>MODIFICATION DE LA POLITIQUE DE CONFIDENTIALITE<\/h2>\n<p>Nous pouvons mettre \u00e0 jour cette politique de confidentialit\u00e9 \u00e0 tout moment afin de refl\u00e9ter les changements dans nos pratiques et services. Nous vous informerons de toute modification substantielle de la mani\u00e8re dont nous traitons vos donn\u00e9es en pla\u00e7ant un avis sur le site web.<\/p>\n<h2>CONTACT<\/h2>\n<p>Veuillez contacter <a href=\"https:\/\/www.airbus-flight-academy.com\/fr\/contact\/\">Airbus Flight Academy<\/a> Europe par \u00e9crit, soit par e-mail \u00e0 l&rsquo;adresse suivante : data-protection@afa-eu.com , soit par courrier \u00e0 l&rsquo;adresse suivante : Airbus Flight Academy Europe &#8211; 39 rue des Figuiers, 16430 Champniers France.[\/vc_column_text][\/vc_column][\/vc_row]\n","protected":false},"excerpt":{"rendered":"<p>[vc_row type=\u00a0\u00bbin_container\u00a0\u00bb full_screen_row_position=\u00a0\u00bbmiddle\u00a0\u00bb column_margin=\u00a0\u00bbdefault\u00a0\u00bb column_direction=\u00a0\u00bbdefault\u00a0\u00bb column_direction_tablet=\u00a0\u00bbdefault\u00a0\u00bb column_direction_phone=\u00a0\u00bbdefault\u00a0\u00bb scene_position=\u00a0\u00bbcenter\u00a0\u00bb text_color=\u00a0\u00bbdark\u00a0\u00bb text_align=\u00a0\u00bbleft\u00a0\u00bb row_border_radius=\u00a0\u00bbnone\u00a0\u00bb row_border_radius_applies=\u00a0\u00bbbg\u00a0\u00bb overflow=\u00a0\u00bbvisible\u00a0\u00bb overlay_strength=\u00a0\u00bb0.3&Prime; gradient_direction=\u00a0\u00bbleft_to_right\u00a0\u00bb shape_divider_position=\u00a0\u00bbbottom\u00a0\u00bb bg_image_animation=\u00a0\u00bbnone\u00a0\u00bb][vc_column column_padding=\u00a0\u00bbno-extra-padding\u00a0\u00bb column_padding_tablet=\u00a0\u00bbinherit\u00a0\u00bb column_padding_phone=\u00a0\u00bbinherit\u00a0\u00bb column_padding_position=\u00a0\u00bball\u00a0\u00bb column_element_direction_desktop=\u00a0\u00bbdefault\u00a0\u00bb column_element_spacing=\u00a0\u00bbdefault\u00a0\u00bb desktop_text_alignment=\u00a0\u00bbdefault\u00a0\u00bb tablet_text_alignment=\u00a0\u00bbdefault\u00a0\u00bb phone_text_alignment=\u00a0\u00bbdefault\u00a0\u00bb background_color_opacity=\u00a0\u00bb1&Prime; background_hover_color_opacity=\u00a0\u00bb1&Prime; column_backdrop_filter=\u00a0\u00bbnone\u00a0\u00bb column_shadow=\u00a0\u00bbnone\u00a0\u00bb column_border_radius=\u00a0\u00bbnone\u00a0\u00bb column_link_target=\u00a0\u00bb_self\u00a0\u00bb column_position=\u00a0\u00bbdefault\u00a0\u00bb gradient_direction=\u00a0\u00bbleft_to_right\u00a0\u00bb overlay_strength=\u00a0\u00bb0.3&Prime; width=\u00a0\u00bb1\/1&Prime; tablet_width_inherit=\u00a0\u00bbdefault\u00a0\u00bb animation_type=\u00a0\u00bbdefault\u00a0\u00bb bg_image_animation=\u00a0\u00bbnone\u00a0\u00bb border_type=\u00a0\u00bbsimple\u00a0\u00bb column_border_width=\u00a0\u00bbnone\u00a0\u00bb column_border_style=\u00a0\u00bbsolid\u00a0\u00bb][vc_custom_heading text=\u00a0\u00bbPolitique Cookies\u00a0\u00bb font_container=\u00a0\u00bbtag:h1|text_align:left\u00a0\u00bb][\/vc_column][\/vc_row][vc_row type=\u00a0\u00bbin_container\u00a0\u00bb full_screen_row_position=\u00a0\u00bbmiddle\u00a0\u00bb column_margin=\u00a0\u00bbdefault\u00a0\u00bb column_direction=\u00a0\u00bbdefault\u00a0\u00bb column_direction_tablet=\u00a0\u00bbdefault\u00a0\u00bb column_direction_phone=\u00a0\u00bbdefault\u00a0\u00bb scene_position=\u00a0\u00bbcenter\u00a0\u00bb text_color=\u00a0\u00bbdark\u00a0\u00bb text_align=\u00a0\u00bbleft\u00a0\u00bb row_border_radius=\u00a0\u00bbnone\u00a0\u00bb row_border_radius_applies=\u00a0\u00bbbg\u00a0\u00bb overflow=\u00a0\u00bbvisible\u00a0\u00bb overlay_strength=\u00a0\u00bb0.3&Prime; gradient_direction=\u00a0\u00bbleft_to_right\u00a0\u00bb shape_divider_position=\u00a0\u00bbbottom\u00a0\u00bb&#8230;<\/p>\n","protected":false},"author":2,"featured_media":0,"parent":0,"menu_order":0,"comment_status":"closed","ping_status":"closed","template":"","meta":{"inline_featured_image":false,"footnotes":""},"class_list":["post-9028","page","type-page","status-publish"],"yoast_head":"<!-- This site is optimized with the Yoast SEO plugin v23.9 - https:\/\/yoast.com\/wordpress\/plugins\/seo\/ -->\n<title>Politique Cookies - Airbus Flight Academy Europe<\/title>\n<meta name=\"description\" content=\"D\u00e9couvrez la politique d\u2019utilisation des cookies d\u2019Airbus Flight Academy Europe : gestion des donn\u00e9es et respect de votre vie priv\u00e9e.\" \/>\n<meta name=\"robots\" content=\"index, follow, max-snippet:-1, max-image-preview:large, max-video-preview:-1\" \/>\n<link rel=\"canonical\" href=\"https:\/\/www.airbus-flight-academy.com\/fr\/politique-cookies\/\" \/>\n<meta property=\"og:locale\" content=\"fr_FR\" \/>\n<meta property=\"og:type\" content=\"article\" \/>\n<meta property=\"og:title\" content=\"Politique Cookies - Airbus Flight Academy Europe\" \/>\n<meta property=\"og:description\" content=\"D\u00e9couvrez la politique d\u2019utilisation des cookies d\u2019Airbus Flight Academy Europe : gestion des donn\u00e9es et respect de votre vie priv\u00e9e.\" \/>\n<meta property=\"og:url\" content=\"https:\/\/www.airbus-flight-academy.com\/fr\/politique-cookies\/\" \/>\n<meta property=\"og:site_name\" content=\"Airbus Flight Academy Europe\" \/>\n<meta property=\"article:publisher\" content=\"https:\/\/fr-fr.facebook.com\/pages\/category\/Education\/Airbus-Flight-Academy-Europe-390822818400528\/\" \/>\n<meta property=\"article:modified_time\" content=\"2025-11-13T09:25:23+00:00\" \/>\n<meta name=\"twitter:card\" content=\"summary_large_image\" \/>\n<meta name=\"twitter:label1\" content=\"Dur\u00e9e de lecture estim\u00e9e\" \/>\n\t<meta name=\"twitter:data1\" content=\"4 minutes\" \/>\n<script type=\"application\/ld+json\" class=\"yoast-schema-graph\">{\"@context\":\"https:\/\/schema.org\",\"@graph\":[{\"@type\":\"WebPage\",\"@id\":\"https:\/\/www.airbus-flight-academy.com\/fr\/politique-cookies\/\",\"url\":\"https:\/\/www.airbus-flight-academy.com\/fr\/politique-cookies\/\",\"name\":\"Politique Cookies - Airbus Flight Academy Europe\",\"isPartOf\":{\"@id\":\"https:\/\/www.airbus-flight-academy.com\/fr\/#website\"},\"datePublished\":\"2022-07-28T09:52:56+00:00\",\"dateModified\":\"2025-11-13T09:25:23+00:00\",\"description\":\"D\u00e9couvrez la politique d\u2019utilisation des cookies d\u2019Airbus Flight Academy Europe : gestion des donn\u00e9es et respect de votre vie priv\u00e9e.\",\"breadcrumb\":{\"@id\":\"https:\/\/www.airbus-flight-academy.com\/fr\/politique-cookies\/#breadcrumb\"},\"inLanguage\":\"fr-FR\",\"potentialAction\":[{\"@type\":\"ReadAction\",\"target\":[\"https:\/\/www.airbus-flight-academy.com\/fr\/politique-cookies\/\"]}]},{\"@type\":\"BreadcrumbList\",\"@id\":\"https:\/\/www.airbus-flight-academy.com\/fr\/politique-cookies\/#breadcrumb\",\"itemListElement\":[{\"@type\":\"ListItem\",\"position\":1,\"name\":\"Accueil\",\"item\":\"https:\/\/www.airbus-flight-academy.com\/fr\/\"},{\"@type\":\"ListItem\",\"position\":2,\"name\":\"Politique Cookies\"}]},{\"@type\":\"WebSite\",\"@id\":\"https:\/\/www.airbus-flight-academy.com\/fr\/#website\",\"url\":\"https:\/\/www.airbus-flight-academy.com\/fr\/\",\"name\":\"Airbus Flight Academy Europe\",\"description\":\"\",\"publisher\":{\"@id\":\"https:\/\/www.airbus-flight-academy.com\/fr\/#organization\"},\"potentialAction\":[{\"@type\":\"SearchAction\",\"target\":{\"@type\":\"EntryPoint\",\"urlTemplate\":\"https:\/\/www.airbus-flight-academy.com\/fr\/?s={search_term_string}\"},\"query-input\":{\"@type\":\"PropertyValueSpecification\",\"valueRequired\":true,\"valueName\":\"search_term_string\"}}],\"inLanguage\":\"fr-FR\"},{\"@type\":\"Organization\",\"@id\":\"https:\/\/www.airbus-flight-academy.com\/fr\/#organization\",\"name\":\"Airbus Flight Academy Europe\",\"url\":\"https:\/\/www.airbus-flight-academy.com\/fr\/\",\"logo\":{\"@type\":\"ImageObject\",\"inLanguage\":\"fr-FR\",\"@id\":\"https:\/\/www.airbus-flight-academy.com\/fr\/#\/schema\/logo\/image\/\",\"url\":\"https:\/\/www.airbus-flight-academy.com\/wp-content\/uploads\/2021\/02\/cropped-favicon.jpeg\",\"contentUrl\":\"https:\/\/www.airbus-flight-academy.com\/wp-content\/uploads\/2021\/02\/cropped-favicon.jpeg\",\"width\":512,\"height\":512,\"caption\":\"Airbus Flight Academy Europe\"},\"image\":{\"@id\":\"https:\/\/www.airbus-flight-academy.com\/fr\/#\/schema\/logo\/image\/\"},\"sameAs\":[\"https:\/\/fr-fr.facebook.com\/pages\/category\/Education\/Airbus-Flight-Academy-Europe-390822818400528\/\",\"https:\/\/www.instagram.com\/airbusflightacademy\/?hl=fr\",\"https:\/\/www.linkedin.com\/company\/airbus-flight-academy-europe\/?originalSubdomain=fr\"]}]}<\/script>\n<!-- \/ Yoast SEO plugin. -->","yoast_head_json":{"title":"Politique Cookies - Airbus Flight Academy Europe","description":"D\u00e9couvrez la politique d\u2019utilisation des cookies d\u2019Airbus Flight Academy Europe : gestion des donn\u00e9es et respect de votre vie priv\u00e9e.","robots":{"index":"index","follow":"follow","max-snippet":"max-snippet:-1","max-image-preview":"max-image-preview:large","max-video-preview":"max-video-preview:-1"},"canonical":"https:\/\/www.airbus-flight-academy.com\/fr\/politique-cookies\/","og_locale":"fr_FR","og_type":"article","og_title":"Politique Cookies - Airbus Flight Academy Europe","og_description":"D\u00e9couvrez la politique d\u2019utilisation des cookies d\u2019Airbus Flight Academy Europe : gestion des donn\u00e9es et respect de votre vie priv\u00e9e.","og_url":"https:\/\/www.airbus-flight-academy.com\/fr\/politique-cookies\/","og_site_name":"Airbus Flight Academy Europe","article_publisher":"https:\/\/fr-fr.facebook.com\/pages\/category\/Education\/Airbus-Flight-Academy-Europe-390822818400528\/","article_modified_time":"2025-11-13T09:25:23+00:00","twitter_card":"summary_large_image","twitter_misc":{"Dur\u00e9e de lecture estim\u00e9e":"4 minutes"},"schema":{"@context":"https:\/\/schema.org","@graph":[{"@type":"WebPage","@id":"https:\/\/www.airbus-flight-academy.com\/fr\/politique-cookies\/","url":"https:\/\/www.airbus-flight-academy.com\/fr\/politique-cookies\/","name":"Politique Cookies - Airbus Flight Academy Europe","isPartOf":{"@id":"https:\/\/www.airbus-flight-academy.com\/fr\/#website"},"datePublished":"2022-07-28T09:52:56+00:00","dateModified":"2025-11-13T09:25:23+00:00","description":"D\u00e9couvrez la politique d\u2019utilisation des cookies d\u2019Airbus Flight Academy Europe : gestion des donn\u00e9es et respect de votre vie priv\u00e9e.","breadcrumb":{"@id":"https:\/\/www.airbus-flight-academy.com\/fr\/politique-cookies\/#breadcrumb"},"inLanguage":"fr-FR","potentialAction":[{"@type":"ReadAction","target":["https:\/\/www.airbus-flight-academy.com\/fr\/politique-cookies\/"]}]},{"@type":"BreadcrumbList","@id":"https:\/\/www.airbus-flight-academy.com\/fr\/politique-cookies\/#breadcrumb","itemListElement":[{"@type":"ListItem","position":1,"name":"Accueil","item":"https:\/\/www.airbus-flight-academy.com\/fr\/"},{"@type":"ListItem","position":2,"name":"Politique Cookies"}]},{"@type":"WebSite","@id":"https:\/\/www.airbus-flight-academy.com\/fr\/#website","url":"https:\/\/www.airbus-flight-academy.com\/fr\/","name":"Airbus Flight Academy Europe","description":"","publisher":{"@id":"https:\/\/www.airbus-flight-academy.com\/fr\/#organization"},"potentialAction":[{"@type":"SearchAction","target":{"@type":"EntryPoint","urlTemplate":"https:\/\/www.airbus-flight-academy.com\/fr\/?s={search_term_string}"},"query-input":{"@type":"PropertyValueSpecification","valueRequired":true,"valueName":"search_term_string"}}],"inLanguage":"fr-FR"},{"@type":"Organization","@id":"https:\/\/www.airbus-flight-academy.com\/fr\/#organization","name":"Airbus Flight Academy Europe","url":"https:\/\/www.airbus-flight-academy.com\/fr\/","logo":{"@type":"ImageObject","inLanguage":"fr-FR","@id":"https:\/\/www.airbus-flight-academy.com\/fr\/#\/schema\/logo\/image\/","url":"https:\/\/www.airbus-flight-academy.com\/wp-content\/uploads\/2021\/02\/cropped-favicon.jpeg","contentUrl":"https:\/\/www.airbus-flight-academy.com\/wp-content\/uploads\/2021\/02\/cropped-favicon.jpeg","width":512,"height":512,"caption":"Airbus Flight Academy Europe"},"image":{"@id":"https:\/\/www.airbus-flight-academy.com\/fr\/#\/schema\/logo\/image\/"},"sameAs":["https:\/\/fr-fr.facebook.com\/pages\/category\/Education\/Airbus-Flight-Academy-Europe-390822818400528\/","https:\/\/www.instagram.com\/airbusflightacademy\/?hl=fr","https:\/\/www.linkedin.com\/company\/airbus-flight-academy-europe\/?originalSubdomain=fr"]}]}},"_links":{"self":[{"href":"https:\/\/www.airbus-flight-academy.com\/fr\/wp-json\/wp\/v2\/pages\/9028","targetHints":{"allow":["GET"]}}],"collection":[{"href":"https:\/\/www.airbus-flight-academy.com\/fr\/wp-json\/wp\/v2\/pages"}],"about":[{"href":"https:\/\/www.airbus-flight-academy.com\/fr\/wp-json\/wp\/v2\/types\/page"}],"author":[{"embeddable":true,"href":"https:\/\/www.airbus-flight-academy.com\/fr\/wp-json\/wp\/v2\/users\/2"}],"replies":[{"embeddable":true,"href":"https:\/\/www.airbus-flight-academy.com\/fr\/wp-json\/wp\/v2\/comments?post=9028"}],"version-history":[{"count":9,"href":"https:\/\/www.airbus-flight-academy.com\/fr\/wp-json\/wp\/v2\/pages\/9028\/revisions"}],"predecessor-version":[{"id":9893,"href":"https:\/\/www.airbus-flight-academy.com\/fr\/wp-json\/wp\/v2\/pages\/9028\/revisions\/9893"}],"wp:attachment":[{"href":"https:\/\/www.airbus-flight-academy.com\/fr\/wp-json\/wp\/v2\/media?parent=9028"}],"curies":[{"name":"wp","href":"https:\/\/api.w.org\/{rel}","templated":true}]}}