{"id":8421,"date":"2021-07-07T16:41:36","date_gmt":"2021-07-07T14:41:36","guid":{"rendered":"https:\/\/www.airbus-flight-academy.com\/?page_id=8421"},"modified":"2025-11-13T10:28:56","modified_gmt":"2025-11-13T09:28:56","slug":"calendrier","status":"publish","type":"page","link":"https:\/\/www.airbus-flight-academy.com\/fr\/actualites-de-lecole-de-pilotage\/calendrier\/","title":{"rendered":"\u00c9v\u00e9nements"},"content":{"rendered":"[vc_row type=\u00a0\u00bbin_container\u00a0\u00bb full_screen_row_position=\u00a0\u00bbmiddle\u00a0\u00bb column_margin=\u00a0\u00bbdefault\u00a0\u00bb column_direction=\u00a0\u00bbdefault\u00a0\u00bb column_direction_tablet=\u00a0\u00bbdefault\u00a0\u00bb column_direction_phone=\u00a0\u00bbdefault\u00a0\u00bb scene_position=\u00a0\u00bbcenter\u00a0\u00bb text_color=\u00a0\u00bbdark\u00a0\u00bb text_align=\u00a0\u00bbleft\u00a0\u00bb row_border_radius=\u00a0\u00bbnone\u00a0\u00bb row_border_radius_applies=\u00a0\u00bbbg\u00a0\u00bb overflow=\u00a0\u00bbvisible\u00a0\u00bb overlay_strength=\u00a0\u00bb0.3&Prime; gradient_direction=\u00a0\u00bbleft_to_right\u00a0\u00bb shape_divider_position=\u00a0\u00bbbottom\u00a0\u00bb bg_image_animation=\u00a0\u00bbnone\u00a0\u00bb][vc_column column_padding=\u00a0\u00bbno-extra-padding\u00a0\u00bb column_padding_tablet=\u00a0\u00bbinherit\u00a0\u00bb column_padding_phone=\u00a0\u00bbinherit\u00a0\u00bb column_padding_position=\u00a0\u00bball\u00a0\u00bb column_element_direction_desktop=\u00a0\u00bbdefault\u00a0\u00bb column_element_spacing=\u00a0\u00bbdefault\u00a0\u00bb desktop_text_alignment=\u00a0\u00bbdefault\u00a0\u00bb tablet_text_alignment=\u00a0\u00bbdefault\u00a0\u00bb phone_text_alignment=\u00a0\u00bbdefault\u00a0\u00bb background_color_opacity=\u00a0\u00bb1&Prime; background_hover_color_opacity=\u00a0\u00bb1&Prime; column_backdrop_filter=\u00a0\u00bbnone\u00a0\u00bb column_shadow=\u00a0\u00bbnone\u00a0\u00bb column_border_radius=\u00a0\u00bbnone\u00a0\u00bb column_link_target=\u00a0\u00bb_self\u00a0\u00bb column_position=\u00a0\u00bbdefault\u00a0\u00bb gradient_direction=\u00a0\u00bbleft_to_right\u00a0\u00bb overlay_strength=\u00a0\u00bb0.3&Prime; width=\u00a0\u00bb1\/1&Prime; tablet_width_inherit=\u00a0\u00bbdefault\u00a0\u00bb animation_type=\u00a0\u00bbdefault\u00a0\u00bb bg_image_animation=\u00a0\u00bbnone\u00a0\u00bb border_type=\u00a0\u00bbsimple\u00a0\u00bb column_border_width=\u00a0\u00bbnone\u00a0\u00bb column_border_style=\u00a0\u00bbsolid\u00a0\u00bb][vc_custom_heading text=\u00a0\u00bb\u00c9v\u00e9nements &#8211; Calendrier\u00a0\u00bb font_container=\u00a0\u00bbtag:h1|text_align:left\u00a0\u00bb][\/vc_column][\/vc_row][vc_row type=\u00a0\u00bbin_container\u00a0\u00bb full_screen_row_position=\u00a0\u00bbmiddle\u00a0\u00bb column_margin=\u00a0\u00bbdefault\u00a0\u00bb column_direction=\u00a0\u00bbdefault\u00a0\u00bb column_direction_tablet=\u00a0\u00bbdefault\u00a0\u00bb column_direction_phone=\u00a0\u00bbdefault\u00a0\u00bb scene_position=\u00a0\u00bbcenter\u00a0\u00bb text_color=\u00a0\u00bbdark\u00a0\u00bb text_align=\u00a0\u00bbleft\u00a0\u00bb row_border_radius=\u00a0\u00bbnone\u00a0\u00bb row_border_radius_applies=\u00a0\u00bbbg\u00a0\u00bb overflow=\u00a0\u00bbvisible\u00a0\u00bb overlay_strength=\u00a0\u00bb0.3&Prime; gradient_direction=\u00a0\u00bbleft_to_right\u00a0\u00bb shape_divider_position=\u00a0\u00bbbottom\u00a0\u00bb bg_image_animation=\u00a0\u00bbnone\u00a0\u00bb][vc_column column_padding=\u00a0\u00bbno-extra-padding\u00a0\u00bb column_padding_tablet=\u00a0\u00bbinherit\u00a0\u00bb column_padding_phone=\u00a0\u00bbinherit\u00a0\u00bb column_padding_position=\u00a0\u00bball\u00a0\u00bb column_element_direction_desktop=\u00a0\u00bbdefault\u00a0\u00bb column_element_spacing=\u00a0\u00bbdefault\u00a0\u00bb desktop_text_alignment=\u00a0\u00bbdefault\u00a0\u00bb tablet_text_alignment=\u00a0\u00bbdefault\u00a0\u00bb phone_text_alignment=\u00a0\u00bbdefault\u00a0\u00bb background_color_opacity=\u00a0\u00bb1&Prime; background_hover_color_opacity=\u00a0\u00bb1&Prime; column_backdrop_filter=\u00a0\u00bbnone\u00a0\u00bb column_shadow=\u00a0\u00bbnone\u00a0\u00bb column_border_radius=\u00a0\u00bbnone\u00a0\u00bb column_link_target=\u00a0\u00bb_self\u00a0\u00bb column_position=\u00a0\u00bbdefault\u00a0\u00bb gradient_direction=\u00a0\u00bbleft_to_right\u00a0\u00bb overlay_strength=\u00a0\u00bb0.3&Prime; width=\u00a0\u00bb1\/1&Prime; tablet_width_inherit=\u00a0\u00bbdefault\u00a0\u00bb animation_type=\u00a0\u00bbdefault\u00a0\u00bb bg_image_animation=\u00a0\u00bbnone\u00a0\u00bb border_type=\u00a0\u00bbsimple\u00a0\u00bb column_border_width=\u00a0\u00bbnone\u00a0\u00bb column_border_style=\u00a0\u00bbsolid\u00a0\u00bb][nectar_post_grid post_type=\u00a0\u00bbpost\u00a0\u00bb blog_category=\u00a0\u00bbcalendar\u00a0\u00bb order=\u00a0\u00bbASC\u00a0\u00bb orderby=\u00a0\u00bbdate\u00a0\u00bb pagination=\u00a0\u00bbnone\u00a0\u00bb flickity_controls=\u00a0\u00bbdefault\u00a0\u00bb flickity_overflow=\u00a0\u00bbhidden\u00a0\u00bb flickity_wrap_around=\u00a0\u00bbwrap\u00a0\u00bb columns=\u00a0\u00bb3&Prime; columns_tablet=\u00a0\u00bbdefault\u00a0\u00bb columns_phone=\u00a0\u00bbdefault\u00a0\u00bb desktop_small_cols_flickity=\u00a0\u00bbdefault\u00a0\u00bb tablet_cols_flickity=\u00a0\u00bbdefault\u00a0\u00bb phone_cols_flickity=\u00a0\u00bbdefault\u00a0\u00bb grid_item_spacing=\u00a0\u00bb15px\u00a0\u00bb grid_item_height=\u00a0\u00bb30vh\u00a0\u00bb 3_col_masonry_layout=\u00a0\u00bbdefault\u00a0\u00bb image_size=\u00a0\u00bblarge\u00a0\u00bb image_loading=\u00a0\u00bblazy-load\u00a0\u00bb animation=\u00a0\u00bbnone\u00a0\u00bb animation_stagger=\u00a0\u00bb90&Prime; animation_easing=\u00a0\u00bbdefault\u00a0\u00bb heading_tag=\u00a0\u00bbdefault\u00a0\u00bb additional_meta_size=\u00a0\u00bbdefault\u00a0\u00bb grid_style=\u00a0\u00bbcontent_overlaid\u00a0\u00bb text_content_layout=\u00a0\u00bball_top_left\u00a0\u00bb color_overlay_opacity=\u00a0\u00bb0.3&Prime; color_overlay_hover_opacity=\u00a0\u00bb0.4&Prime; text_color=\u00a0\u00bblight\u00a0\u00bb text_color_hover=\u00a0\u00bblight\u00a0\u00bb text_opacity=\u00a0\u00bb1&Prime; text_hover_opacity=\u00a0\u00bb1&Prime; hover_effect=\u00a0\u00bbzoom\u00a0\u00bb border_radius=\u00a0\u00bbnone\u00a0\u00bb][\/vc_column][\/vc_row]\n","protected":false},"excerpt":{"rendered":"<p>[vc_row type=\u00a0\u00bbin_container\u00a0\u00bb full_screen_row_position=\u00a0\u00bbmiddle\u00a0\u00bb column_margin=\u00a0\u00bbdefault\u00a0\u00bb column_direction=\u00a0\u00bbdefault\u00a0\u00bb column_direction_tablet=\u00a0\u00bbdefault\u00a0\u00bb column_direction_phone=\u00a0\u00bbdefault\u00a0\u00bb scene_position=\u00a0\u00bbcenter\u00a0\u00bb text_color=\u00a0\u00bbdark\u00a0\u00bb text_align=\u00a0\u00bbleft\u00a0\u00bb row_border_radius=\u00a0\u00bbnone\u00a0\u00bb row_border_radius_applies=\u00a0\u00bbbg\u00a0\u00bb overflow=\u00a0\u00bbvisible\u00a0\u00bb overlay_strength=\u00a0\u00bb0.3&Prime; gradient_direction=\u00a0\u00bbleft_to_right\u00a0\u00bb shape_divider_position=\u00a0\u00bbbottom\u00a0\u00bb bg_image_animation=\u00a0\u00bbnone\u00a0\u00bb][vc_column column_padding=\u00a0\u00bbno-extra-padding\u00a0\u00bb column_padding_tablet=\u00a0\u00bbinherit\u00a0\u00bb column_padding_phone=\u00a0\u00bbinherit\u00a0\u00bb column_padding_position=\u00a0\u00bball\u00a0\u00bb column_element_direction_desktop=\u00a0\u00bbdefault\u00a0\u00bb column_element_spacing=\u00a0\u00bbdefault\u00a0\u00bb desktop_text_alignment=\u00a0\u00bbdefault\u00a0\u00bb tablet_text_alignment=\u00a0\u00bbdefault\u00a0\u00bb phone_text_alignment=\u00a0\u00bbdefault\u00a0\u00bb background_color_opacity=\u00a0\u00bb1&Prime; background_hover_color_opacity=\u00a0\u00bb1&Prime; column_backdrop_filter=\u00a0\u00bbnone\u00a0\u00bb column_shadow=\u00a0\u00bbnone\u00a0\u00bb column_border_radius=\u00a0\u00bbnone\u00a0\u00bb column_link_target=\u00a0\u00bb_self\u00a0\u00bb column_position=\u00a0\u00bbdefault\u00a0\u00bb gradient_direction=\u00a0\u00bbleft_to_right\u00a0\u00bb overlay_strength=\u00a0\u00bb0.3&Prime; width=\u00a0\u00bb1\/1&Prime; tablet_width_inherit=\u00a0\u00bbdefault\u00a0\u00bb animation_type=\u00a0\u00bbdefault\u00a0\u00bb bg_image_animation=\u00a0\u00bbnone\u00a0\u00bb border_type=\u00a0\u00bbsimple\u00a0\u00bb column_border_width=\u00a0\u00bbnone\u00a0\u00bb column_border_style=\u00a0\u00bbsolid\u00a0\u00bb][vc_custom_heading text=\u00a0\u00bb\u00c9v\u00e9nements &#8211; Calendrier\u00a0\u00bb font_container=\u00a0\u00bbtag:h1|text_align:left\u00a0\u00bb][\/vc_column][\/vc_row][vc_row type=\u00a0\u00bbin_container\u00a0\u00bb full_screen_row_position=\u00a0\u00bbmiddle\u00a0\u00bb column_margin=\u00a0\u00bbdefault\u00a0\u00bb column_direction=\u00a0\u00bbdefault\u00a0\u00bb column_direction_tablet=\u00a0\u00bbdefault\u00a0\u00bb column_direction_phone=\u00a0\u00bbdefault\u00a0\u00bb scene_position=\u00a0\u00bbcenter\u00a0\u00bb text_color=\u00a0\u00bbdark\u00a0\u00bb text_align=\u00a0\u00bbleft\u00a0\u00bb row_border_radius=\u00a0\u00bbnone\u00a0\u00bb row_border_radius_applies=\u00a0\u00bbbg\u00a0\u00bb overflow=\u00a0\u00bbvisible\u00a0\u00bb overlay_strength=\u00a0\u00bb0.3&Prime; gradient_direction=\u00a0\u00bbleft_to_right\u00a0\u00bb&#8230;<\/p>\n","protected":false},"author":2,"featured_media":0,"parent":8475,"menu_order":0,"comment_status":"closed","ping_status":"closed","template":"","meta":{"inline_featured_image":false,"footnotes":""},"class_list":["post-8421","page","type-page","status-publish"],"yoast_head":"<!-- This site is optimized with the Yoast SEO plugin v23.9 - https:\/\/yoast.com\/wordpress\/plugins\/seo\/ -->\n<title>Calendrier Airbus Flight Academy Europe<\/title>\n<meta name=\"description\" content=\"D\u00e9couvrez les actualit\u00e9s et le calendrier de l&#039;\u00e9cole de pilotage militaire Airbus Flight Academy Europe\" \/>\n<meta name=\"robots\" content=\"index, follow, max-snippet:-1, max-image-preview:large, max-video-preview:-1\" \/>\n<link rel=\"canonical\" href=\"https:\/\/www.airbus-flight-academy.com\/fr\/actualites-de-lecole-de-pilotage\/calendrier\/\" \/>\n<meta property=\"og:locale\" content=\"fr_FR\" \/>\n<meta property=\"og:type\" content=\"article\" \/>\n<meta property=\"og:title\" content=\"Calendrier Airbus Flight Academy Europe\" \/>\n<meta property=\"og:description\" content=\"D\u00e9couvrez les actualit\u00e9s et le calendrier de l&#039;\u00e9cole de pilotage militaire Airbus Flight Academy Europe\" \/>\n<meta property=\"og:url\" content=\"https:\/\/www.airbus-flight-academy.com\/fr\/actualites-de-lecole-de-pilotage\/calendrier\/\" \/>\n<meta property=\"og:site_name\" content=\"Airbus Flight Academy Europe\" \/>\n<meta property=\"article:publisher\" content=\"https:\/\/fr-fr.facebook.com\/pages\/category\/Education\/Airbus-Flight-Academy-Europe-390822818400528\/\" \/>\n<meta property=\"article:modified_time\" content=\"2025-11-13T09:28:56+00:00\" \/>\n<meta name=\"twitter:card\" content=\"summary_large_image\" \/>\n<meta name=\"twitter:label1\" content=\"Dur\u00e9e de lecture estim\u00e9e\" \/>\n\t<meta name=\"twitter:data1\" content=\"2 minutes\" \/>\n<script type=\"application\/ld+json\" class=\"yoast-schema-graph\">{\"@context\":\"https:\/\/schema.org\",\"@graph\":[{\"@type\":\"WebPage\",\"@id\":\"https:\/\/www.airbus-flight-academy.com\/fr\/actualites-de-lecole-de-pilotage\/calendrier\/\",\"url\":\"https:\/\/www.airbus-flight-academy.com\/fr\/actualites-de-lecole-de-pilotage\/calendrier\/\",\"name\":\"Calendrier Airbus Flight Academy Europe\",\"isPartOf\":{\"@id\":\"https:\/\/www.airbus-flight-academy.com\/fr\/#website\"},\"datePublished\":\"2021-07-07T14:41:36+00:00\",\"dateModified\":\"2025-11-13T09:28:56+00:00\",\"description\":\"D\u00e9couvrez les actualit\u00e9s et le calendrier de l'\u00e9cole de pilotage militaire Airbus Flight Academy Europe\",\"breadcrumb\":{\"@id\":\"https:\/\/www.airbus-flight-academy.com\/fr\/actualites-de-lecole-de-pilotage\/calendrier\/#breadcrumb\"},\"inLanguage\":\"fr-FR\",\"potentialAction\":[{\"@type\":\"ReadAction\",\"target\":[\"https:\/\/www.airbus-flight-academy.com\/fr\/actualites-de-lecole-de-pilotage\/calendrier\/\"]}]},{\"@type\":\"BreadcrumbList\",\"@id\":\"https:\/\/www.airbus-flight-academy.com\/fr\/actualites-de-lecole-de-pilotage\/calendrier\/#breadcrumb\",\"itemListElement\":[{\"@type\":\"ListItem\",\"position\":1,\"name\":\"Accueil\",\"item\":\"https:\/\/www.airbus-flight-academy.com\/fr\/\"},{\"@type\":\"ListItem\",\"position\":2,\"name\":\"Actualit\u00e9s\",\"item\":\"https:\/\/www.airbus-flight-academy.com\/fr\/news\/\"},{\"@type\":\"ListItem\",\"position\":3,\"name\":\"\u00c9v\u00e9nements\"}]},{\"@type\":\"WebSite\",\"@id\":\"https:\/\/www.airbus-flight-academy.com\/fr\/#website\",\"url\":\"https:\/\/www.airbus-flight-academy.com\/fr\/\",\"name\":\"Airbus Flight Academy Europe\",\"description\":\"\",\"publisher\":{\"@id\":\"https:\/\/www.airbus-flight-academy.com\/fr\/#organization\"},\"potentialAction\":[{\"@type\":\"SearchAction\",\"target\":{\"@type\":\"EntryPoint\",\"urlTemplate\":\"https:\/\/www.airbus-flight-academy.com\/fr\/?s={search_term_string}\"},\"query-input\":{\"@type\":\"PropertyValueSpecification\",\"valueRequired\":true,\"valueName\":\"search_term_string\"}}],\"inLanguage\":\"fr-FR\"},{\"@type\":\"Organization\",\"@id\":\"https:\/\/www.airbus-flight-academy.com\/fr\/#organization\",\"name\":\"Airbus Flight Academy Europe\",\"url\":\"https:\/\/www.airbus-flight-academy.com\/fr\/\",\"logo\":{\"@type\":\"ImageObject\",\"inLanguage\":\"fr-FR\",\"@id\":\"https:\/\/www.airbus-flight-academy.com\/fr\/#\/schema\/logo\/image\/\",\"url\":\"https:\/\/www.airbus-flight-academy.com\/wp-content\/uploads\/2021\/02\/cropped-favicon.jpeg\",\"contentUrl\":\"https:\/\/www.airbus-flight-academy.com\/wp-content\/uploads\/2021\/02\/cropped-favicon.jpeg\",\"width\":512,\"height\":512,\"caption\":\"Airbus Flight Academy Europe\"},\"image\":{\"@id\":\"https:\/\/www.airbus-flight-academy.com\/fr\/#\/schema\/logo\/image\/\"},\"sameAs\":[\"https:\/\/fr-fr.facebook.com\/pages\/category\/Education\/Airbus-Flight-Academy-Europe-390822818400528\/\",\"https:\/\/www.instagram.com\/airbusflightacademy\/?hl=fr\",\"https:\/\/www.linkedin.com\/company\/airbus-flight-academy-europe\/?originalSubdomain=fr\"]}]}<\/script>\n<!-- \/ Yoast SEO plugin. -->","yoast_head_json":{"title":"Calendrier Airbus Flight Academy Europe","description":"D\u00e9couvrez les actualit\u00e9s et le calendrier de l'\u00e9cole de pilotage militaire Airbus Flight Academy Europe","robots":{"index":"index","follow":"follow","max-snippet":"max-snippet:-1","max-image-preview":"max-image-preview:large","max-video-preview":"max-video-preview:-1"},"canonical":"https:\/\/www.airbus-flight-academy.com\/fr\/actualites-de-lecole-de-pilotage\/calendrier\/","og_locale":"fr_FR","og_type":"article","og_title":"Calendrier Airbus Flight Academy Europe","og_description":"D\u00e9couvrez les actualit\u00e9s et le calendrier de l'\u00e9cole de pilotage militaire Airbus Flight Academy Europe","og_url":"https:\/\/www.airbus-flight-academy.com\/fr\/actualites-de-lecole-de-pilotage\/calendrier\/","og_site_name":"Airbus Flight Academy Europe","article_publisher":"https:\/\/fr-fr.facebook.com\/pages\/category\/Education\/Airbus-Flight-Academy-Europe-390822818400528\/","article_modified_time":"2025-11-13T09:28:56+00:00","twitter_card":"summary_large_image","twitter_misc":{"Dur\u00e9e de lecture estim\u00e9e":"2 minutes"},"schema":{"@context":"https:\/\/schema.org","@graph":[{"@type":"WebPage","@id":"https:\/\/www.airbus-flight-academy.com\/fr\/actualites-de-lecole-de-pilotage\/calendrier\/","url":"https:\/\/www.airbus-flight-academy.com\/fr\/actualites-de-lecole-de-pilotage\/calendrier\/","name":"Calendrier Airbus Flight Academy Europe","isPartOf":{"@id":"https:\/\/www.airbus-flight-academy.com\/fr\/#website"},"datePublished":"2021-07-07T14:41:36+00:00","dateModified":"2025-11-13T09:28:56+00:00","description":"D\u00e9couvrez les actualit\u00e9s et le calendrier de l'\u00e9cole de pilotage militaire Airbus Flight Academy Europe","breadcrumb":{"@id":"https:\/\/www.airbus-flight-academy.com\/fr\/actualites-de-lecole-de-pilotage\/calendrier\/#breadcrumb"},"inLanguage":"fr-FR","potentialAction":[{"@type":"ReadAction","target":["https:\/\/www.airbus-flight-academy.com\/fr\/actualites-de-lecole-de-pilotage\/calendrier\/"]}]},{"@type":"BreadcrumbList","@id":"https:\/\/www.airbus-flight-academy.com\/fr\/actualites-de-lecole-de-pilotage\/calendrier\/#breadcrumb","itemListElement":[{"@type":"ListItem","position":1,"name":"Accueil","item":"https:\/\/www.airbus-flight-academy.com\/fr\/"},{"@type":"ListItem","position":2,"name":"Actualit\u00e9s","item":"https:\/\/www.airbus-flight-academy.com\/fr\/news\/"},{"@type":"ListItem","position":3,"name":"\u00c9v\u00e9nements"}]},{"@type":"WebSite","@id":"https:\/\/www.airbus-flight-academy.com\/fr\/#website","url":"https:\/\/www.airbus-flight-academy.com\/fr\/","name":"Airbus Flight Academy Europe","description":"","publisher":{"@id":"https:\/\/www.airbus-flight-academy.com\/fr\/#organization"},"potentialAction":[{"@type":"SearchAction","target":{"@type":"EntryPoint","urlTemplate":"https:\/\/www.airbus-flight-academy.com\/fr\/?s={search_term_string}"},"query-input":{"@type":"PropertyValueSpecification","valueRequired":true,"valueName":"search_term_string"}}],"inLanguage":"fr-FR"},{"@type":"Organization","@id":"https:\/\/www.airbus-flight-academy.com\/fr\/#organization","name":"Airbus Flight Academy Europe","url":"https:\/\/www.airbus-flight-academy.com\/fr\/","logo":{"@type":"ImageObject","inLanguage":"fr-FR","@id":"https:\/\/www.airbus-flight-academy.com\/fr\/#\/schema\/logo\/image\/","url":"https:\/\/www.airbus-flight-academy.com\/wp-content\/uploads\/2021\/02\/cropped-favicon.jpeg","contentUrl":"https:\/\/www.airbus-flight-academy.com\/wp-content\/uploads\/2021\/02\/cropped-favicon.jpeg","width":512,"height":512,"caption":"Airbus Flight Academy Europe"},"image":{"@id":"https:\/\/www.airbus-flight-academy.com\/fr\/#\/schema\/logo\/image\/"},"sameAs":["https:\/\/fr-fr.facebook.com\/pages\/category\/Education\/Airbus-Flight-Academy-Europe-390822818400528\/","https:\/\/www.instagram.com\/airbusflightacademy\/?hl=fr","https:\/\/www.linkedin.com\/company\/airbus-flight-academy-europe\/?originalSubdomain=fr"]}]}},"_links":{"self":[{"href":"https:\/\/www.airbus-flight-academy.com\/fr\/wp-json\/wp\/v2\/pages\/8421","targetHints":{"allow":["GET"]}}],"collection":[{"href":"https:\/\/www.airbus-flight-academy.com\/fr\/wp-json\/wp\/v2\/pages"}],"about":[{"href":"https:\/\/www.airbus-flight-academy.com\/fr\/wp-json\/wp\/v2\/types\/page"}],"author":[{"embeddable":true,"href":"https:\/\/www.airbus-flight-academy.com\/fr\/wp-json\/wp\/v2\/users\/2"}],"replies":[{"embeddable":true,"href":"https:\/\/www.airbus-flight-academy.com\/fr\/wp-json\/wp\/v2\/comments?post=8421"}],"version-history":[{"count":4,"href":"https:\/\/www.airbus-flight-academy.com\/fr\/wp-json\/wp\/v2\/pages\/8421\/revisions"}],"predecessor-version":[{"id":9894,"href":"https:\/\/www.airbus-flight-academy.com\/fr\/wp-json\/wp\/v2\/pages\/8421\/revisions\/9894"}],"up":[{"embeddable":true,"href":"https:\/\/www.airbus-flight-academy.com\/fr\/wp-json\/wp\/v2\/pages\/8475"}],"wp:attachment":[{"href":"https:\/\/www.airbus-flight-academy.com\/fr\/wp-json\/wp\/v2\/media?parent=8421"}],"curies":[{"name":"wp","href":"https:\/\/api.w.org\/{rel}","templated":true}]}}